{"id":59,"date":"2025-07-22T18:52:21","date_gmt":"2025-07-22T18:52:21","guid":{"rendered":"https:\/\/valledelosalhorines.org\/?page_id=59"},"modified":"2025-07-30T16:31:23","modified_gmt":"2025-07-30T16:31:23","slug":"manifiesto-fundacional","status":"publish","type":"page","link":"https:\/\/valledelosalhorines.org\/index.php\/manifiesto-fundacional\/","title":{"rendered":"Manifiesto Fundacional"},"content":{"rendered":"\n<p>Como dec\u00eda una marca famosa de refrescos, <em>El ser humano es extraordinario<\/em>. Y si, a veces somos capaces de hacer cosas extraordinarias, ensanchando nuestros l\u00edmites. Los humanos no paramos de ensanchar nuestros l\u00edmites y a esto lo llamamos desarrollo:<\/p>\n\n\n\n<ul class=\"wp-block-list\">\n<li>En primer lugar, los l\u00edmites geogr\u00e1ficos, como el encuentro de Europa con Am\u00e9rica, por ejemplo.&nbsp;<\/li>\n\n\n\n<li>Ensanchamos tambi\u00e9n los l\u00edmites de la ciencia y tecnolog\u00eda, dise\u00f1ando herramientas que nos permiten alcanzar mayores logros, como la colonizaci\u00f3n del espacio y el dominio de la energ\u00eda.&nbsp;<\/li>\n\n\n\n<li>Adicionalmente, ensanchamos los l\u00edmites de la informaci\u00f3n y la comunicaci\u00f3n, que nos permiten compartir conocimiento y aumentar la productividad. Es lo que estamos viendo ahora con el desarrollo de las redes de conocimiento y la inteligencia artificial.&nbsp;<\/li>\n<\/ul>\n\n\n\n<p>Y estamos todos m\u00e1s comunicados que nunca. <em>Hipercomunicados<\/em>. Enfermizamente extra-conectados. Todos pendientes de mensajes y recados inmediatos, que se suceden a veces de forma fren\u00e9tica.&nbsp;<\/p>\n\n\n\n<p>De alguna manera, el desarrollo no ha tra\u00eddo sosiego, sino alteraci\u00f3n. Estamos m\u00e1s nerviosos que nunca. Con muchas ganas de ofendernos. El dominio de la telepat\u00eda (sentimientos a distancia) ha devenido en algo peor que una torre de babel, porque ahora nos respondemos y provocamos de forma col\u00e9rica.&nbsp;<\/p>\n\n\n\n<p>Nunca antes hemos sido tan masivamente agresivos con las palabras en toda la humanidad, como hacemos ahora. Nunca antes han corrido tan r\u00e1pido y en tanta cantidad los bulos y las calumnias, transportados en una tecnolog\u00eda que los difunde a la velocidad del rayo, literalmente.<\/p>\n\n\n\n<div class=\"wp-block-group is-nowrap is-layout-flex wp-container-core-group-is-layout-ad2f72ca wp-block-group-is-layout-flex\">\n<p>Cuando miro este panorama, s\u00ed creo que hay alguna frontera que ensanchar: <strong>la frontera de la cordialidad, de la cooperaci\u00f3n y la colaboraci\u00f3n <\/strong>entre pares, entre iguales.&nbsp;<\/p>\n<\/div>\n\n\n\n<p>Quiz\u00e1s antes, cuando el horizonte social era la tribu, era m\u00e1s f\u00e1cil gestionar nuestros afectos y desafectos. Pod\u00edamos decirnos las cosas a la cara y experimentar nuestras sensaciones comunes, allanando los conflictos. Ahora somos cientos de miles, millones de personas, intercambiando mensajes, a veces amistosos, pero muchas m\u00e1s veces, agresivos, olvidando que, en el pecho de nuestro interlocutor &#8211; al que muchas veces despreciamos -, \u201ctambi\u00e9n late un coraz\u00f3n\u201d, como dec\u00eda Antonio Carlos Jobim.<\/p>\n\n\n\n<p>El otro d\u00eda escuch\u00e9 un programa interesant\u00edsimo en la radio: un antrop\u00f3logo de Atapuerca explicaba la sutil diferencia que distingue al Homo Sapiens del resto de primates (Gorilas, Chimpanc\u00e9s,\u2026), pero tambi\u00e9n del resto de hom\u00ednidos, como los Neandertales y Australopitecos: esta diferencia que hac\u00eda especial al Sapiens es el o\u00eddo.<\/p>\n\n\n\n<p>El o\u00eddo del Sapiens constituye una de las diferencias fisiol\u00f3gicas decisiva y \u00fanicas: el o\u00eddo del Homo Sapiens est\u00e1 dise\u00f1ado para escuchar con gran detalle un tipo de frecuencias que va entre los 2 y 4 khz. Estas frecuencias, precisamente, coinciden con las frecuencias de la voz humana, del lenguaje hablado.<\/p>\n\n\n\n<p>\u00a1Lo que nos diferencia del resto de hom\u00ednidos es que el Homo Sapiens hemos aprendido a escucharnos!! (Aunque a la vista de ciertos espect\u00e1culos p\u00fablicos, parece que se nos ha vuelto a olvidar).<\/p>\n\n\n\n<p><\/p>\n\n\n\n<p><\/p>\n\n\n\n<p>Aqu\u00ed entra <strong>Namure<\/strong>: En Namure, queremos entrenarnos para volver a aprender a escuchar.&nbsp;<\/p>\n\n\n\n<p><strong>Aprender a escuchar, como primer paso para aprender a colaborar.<\/strong> Aprender a escucharnos entre todos, para completar una bella melod\u00eda conjunta, como hacen los m\u00fasicos.<\/p>\n\n\n\n<p>Queremos disponer de un reducto, en el campo, alejado del ruido ambiente de las redes, que promueva las iniciativas culturales, musicales y de debate. Siempre cordialmente. La palabra cordial viene de <em>cordia<\/em>, coraz\u00f3n. <strong>Queremos escucharnos de coraz\u00f3n.<\/strong><\/p>\n\n\n\n<div class=\"wp-block-group is-nowrap is-layout-flex wp-container-core-group-is-layout-ad2f72ca wp-block-group-is-layout-flex\">\n<div class=\"wp-block-gutenverse-image guten-element guten-image guten-h9SB4a\"><div class=\"guten-image-wrapper\"><img loading=\"lazy\" decoding=\"async\" class=\"gutenverse-image-box-filled\" src=\"http:\/\/valledelosalhorines.org\/wp-content\/uploads\/2025\/07\/iconosNAMURE_naturaleza.png\" height=\"507\" width=\"480\"\/><\/div><\/div>\n\n\n\n<div class=\"wp-block-gutenverse-image guten-element guten-image guten-uO9q6h\"><div class=\"guten-image-wrapper\"><img loading=\"lazy\" decoding=\"async\" class=\"gutenverse-image-box-filled\" src=\"http:\/\/valledelosalhorines.org\/wp-content\/uploads\/2025\/07\/iconosNAMURE_musica.png\" height=\"489\" width=\"480\"\/><\/div><\/div>\n\n\n\n<div class=\"wp-block-gutenverse-image guten-element guten-image guten-UDCdI5\"><div class=\"guten-image-wrapper\"><img loading=\"lazy\" decoding=\"async\" class=\"gutenverse-image-box-filled\" src=\"http:\/\/valledelosalhorines.org\/wp-content\/uploads\/2025\/07\/iconosNAMURE_retorica.png\" height=\"489\" width=\"480\"\/><\/div><\/div>\n<\/div>\n\n\n\n<p>Queremos aprender a debatir, a mejorar la escucha activa, a buscar argumentos de apoyo sin atacar personalmente, a rebatir amablemente. Queremos hacerlo alejados del ruido social, del rugido a veces enfermo de ira que destilan las redes sociales.&nbsp;<\/p>\n\n\n\n<p>Queremos que Namure promueva las iniciativas culturales y la ret\u00f3rica en el Valle de los Alhorines.&nbsp;&nbsp;<\/p>\n\n\n\n<p>Queremos establecer nuestra madriguera, que pueda considerarse un Puerto Seguro, donde se puedan expresar las opiniones y realizar actos art\u00edsticos, desde la libertad y la amabilidad.&nbsp;<\/p>\n\n\n\n<p>Sin rehuir ning\u00fan debate ni propuesta. Apartados de la marea malsana que invade y atraviesa las redes sociales. Un reducto de cortes\u00eda y pensamiento libre, donde tambi\u00e9n podamos ense\u00f1ar a la gente joven como debatir sin ser manipulados.&nbsp;<\/p>\n\n\n\n<p>Queremos hacerlo en este peque\u00f1o rinc\u00f3n de un valle bonito, que los agricultores cuidan y conservan m\u00e1s o menos apaciblemente durante siglos.<\/p>\n\n\n\n<p><\/p>\n\n\n\n<p><\/p>\n\n\n\n<p>No quiero olvidarme de la m\u00fasica. La m\u00fasica es la actividad colaborativa por excelencia. Es imposible que la m\u00fasica suene bien, si los interpretes son incapaces de escucharse entre ellos mientras tocan sus instrumentos. Y todos saben que la armon\u00eda general est\u00e1 por encima del valor de su parte instrumental. Quiz\u00e1s haya pocos aprendizajes tan valiosos. La m\u00fasica es el alma de Namure.<\/p>\n\n\n\n<p><\/p>\n\n\n\n<p>Desde hace a\u00f1os, Bel\u00e9n y yo nos hemos dedicado a promover algunas actividades divertidas e interesantes, que combinaban diversos deleites, como la poes\u00eda, el vino y el jazz. Lo sab\u00e9is, porque muchos hab\u00e9is participado y los hab\u00e9is apoyado amablemente.<\/p>\n\n\n\n<p>Hace algunos a\u00f1os, le dimos vueltas &#8211; con nuestro amigo Wences &#8211; a la idea de generar un \u201c<em>Think Thank\u201d<\/em>. No un Think Tank normal, o sea un grupo de pensamiento: Un Think Thank para pensar y agradecer. Y nuestra idea inicial era que este think thank fuera un barco que va navegando por los mares oc\u00e9anos hacia distintos puertos, donde pararse a pensar y agradecer. A reflexionar y dar gracias con personas distintas de todo tipo. No fue posible.<\/p>\n\n\n\n<p>Ahora disponemos del Club N\u00e1utico de La \u00c7afra. Un lugar para escuchar de coraz\u00f3n, y aprender, cerca de la naturaleza. La naturaleza tiene un gran poder sanador y detonante de la creatividad. Queremos generar una escuela de ret\u00f3rica, promoviendo a la vez la m\u00fasica amateur.<\/p>\n\n\n\n<p><\/p>\n\n\n\n<p>\u00bfPor qu\u00e9 lo hemos llamado Club N\u00e1utico? Empez\u00f3 como una tonter\u00eda. El Club N\u00e1utico es donde va la gente \u201celegante\u201d.&nbsp; Defino elegancia como la integraci\u00f3n natural en un espacio y tiempo. Pero cada vez me gusta m\u00e1s el nombre: de alguna manera, nos acerca hacia el mar.<\/p>\n\n\n\n<p>El mar evoca en todos recuerdos literarios: a m\u00ed, me recuerda a los tebeos de vikingos; las novelas de los corsarios en sus goletas, los marinos de Java, la Isla del Tesoro, las 3 carabelas. Y lugares ex\u00f3ticos, como Maracaibo, El Cabo de Buena Esperanza, Sumatra o la Isla de la Tortuga, refugio de piratas y bucaneros, en tantos relatos fascinantes.<\/p>\n\n\n\n<p>Y tambi\u00e9n me recuerda a los marinos, gente con una rara determinaci\u00f3n y enorme valent\u00eda. Como mi padre y mi abuelo.&nbsp;<\/p>\n\n\n\n<p>Tambi\u00e9n evoca guerreros navegantes que se respetan y admiran mutuamente, cada uno defendiendo con honor las encomiendas de su patria. Personas con un estricto c\u00f3digo de respeto a bordo. Y con unas bellas reglas de colaboraci\u00f3n en situaciones de peligro en alta mar. Las reglas del mar. Quiz\u00e1s, porque en el mar todos somos un poco migrantes, viajando de puerto a puerto. Buscando puerto seguro.<\/p>\n\n\n\n<p>Me gusta pensar que seremos capaces de promover esta idea y encontrar un grupo de personas, un poco intr\u00e9pidas, un poco desprendidas y muy cordiales que quieran compartir este bonito rumbo, esta bella derrota para la promoci\u00f3n de la m\u00fasica y la ret\u00f3rica en la naturaleza.<\/p>\n\n\n\n<p class=\"has-text-align-right\">Ahora tenemos una idea bella y un logotipo, tambi\u00e9n muy bello. Est\u00e1 originado en una canci\u00f3n de Enrique Morente, trastornando ligeramente los versos de un poema de Alberti (que le\u00ed con posterioridad, <em>Si mi voz muriera en tierra<\/em>), y sobre los que fue encargado el <\/p>\n\n\n<div class=\"wp-block-image\">\n<figure class=\"alignright size-large is-resized\"><img loading=\"lazy\" decoding=\"async\" width=\"1024\" height=\"1024\" src=\"http:\/\/valledelosalhorines.org\/wp-content\/uploads\/2024\/07\/CNLC.logo_-1024x1024.png\" alt=\"\" class=\"wp-image-14\" style=\"width:371px;height:auto\" srcset=\"https:\/\/valledelosalhorines.org\/wp-content\/uploads\/2024\/07\/CNLC.logo_-1024x1024.png 1024w, https:\/\/valledelosalhorines.org\/wp-content\/uploads\/2024\/07\/CNLC.logo_-300x300.png 300w, https:\/\/valledelosalhorines.org\/wp-content\/uploads\/2024\/07\/CNLC.logo_-150x150.png 150w, https:\/\/valledelosalhorines.org\/wp-content\/uploads\/2024\/07\/CNLC.logo_-768x768.png 768w, https:\/\/valledelosalhorines.org\/wp-content\/uploads\/2024\/07\/CNLC.logo_.png 1500w\" sizes=\"auto, (max-width: 767px) 89vw, (max-width: 1000px) 54vw, (max-width: 1071px) 543px, 580px\" \/><\/figure>\n<\/div>\n\n\n<p><em>A m\u00ed me han condecorao\u2019<\/em><\/p>\n\n\n\n<p><em>Con la Insignia Marinera<\/em><\/p>\n\n\n\n<p><em>Sobre el coraz\u00f3n, un ancla<\/em><\/p>\n\n\n\n<p><em>Sobre el ancla, la vela<\/em><\/p>\n\n\n\n<p><em>Sobre la vela, el viento<\/em><\/p>\n\n\n\n<p><em>\u00a1Y sobre el viento, las estrellas!<\/em><\/p>\n\n\n\n<p><\/p>\n\n\n\n<p>A partir de una idea y la voluntad se forja un rumbo, una derrota.<\/p>\n\n\n\n<p>Namure, como toda instituci\u00f3n humana, es una entelequia. \u00c9sta es peque\u00f1a, remota y bella.&nbsp;<\/p>\n\n\n\n<p>Quiz\u00e1s podamos hacerla tambi\u00e9n conveniente, si conseguimos convocar la voluntad y participaci\u00f3n de otros seres humanos, corrientes como nosotros, y juntos podamos hacer algo extraordinario.<\/p>\n\n\n\n<p><\/p>\n\n\n\n<p>Joaco Alegre. La \u00c7afra, 25 de junio de 2023.<\/p>\n","protected":false},"excerpt":{"rendered":"<p>Como dec\u00eda una marca famosa de refrescos, El ser humano es extraordinario. Y si, a veces somos capaces de hacer cosas extraordinarias, ensanchando nuestros l\u00edmites. Los humanos no paramos de &hellip; <\/p>\n<p class=\"link-more\"><a href=\"https:\/\/valledelosalhorines.org\/index.php\/manifiesto-fundacional\/\" class=\"more-link\">Continuar leyendo<span class=\"screen-reader-text\"> \u00abManifiesto Fundacional\u00bb<\/span><\/a><\/p>\n","protected":false},"author":2,"featured_media":0,"parent":0,"menu_order":0,"comment_status":"closed","ping_status":"closed","template":"","meta":{"footnotes":""},"class_list":["post-59","page","type-page","status-publish","hentry"],"_links":{"self":[{"href":"https:\/\/valledelosalhorines.org\/index.php\/wp-json\/wp\/v2\/pages\/59","targetHints":{"allow":["GET"]}}],"collection":[{"href":"https:\/\/valledelosalhorines.org\/index.php\/wp-json\/wp\/v2\/pages"}],"about":[{"href":"https:\/\/valledelosalhorines.org\/index.php\/wp-json\/wp\/v2\/types\/page"}],"author":[{"embeddable":true,"href":"https:\/\/valledelosalhorines.org\/index.php\/wp-json\/wp\/v2\/users\/2"}],"replies":[{"embeddable":true,"href":"https:\/\/valledelosalhorines.org\/index.php\/wp-json\/wp\/v2\/comments?post=59"}],"version-history":[{"count":9,"href":"https:\/\/valledelosalhorines.org\/index.php\/wp-json\/wp\/v2\/pages\/59\/revisions"}],"predecessor-version":[{"id":172,"href":"https:\/\/valledelosalhorines.org\/index.php\/wp-json\/wp\/v2\/pages\/59\/revisions\/172"}],"wp:attachment":[{"href":"https:\/\/valledelosalhorines.org\/index.php\/wp-json\/wp\/v2\/media?parent=59"}],"curies":[{"name":"wp","href":"https:\/\/api.w.org\/{rel}","templated":true}]}}